{"id":3811,"date":"2017-09-13T12:35:40","date_gmt":"2017-09-13T15:35:40","guid":{"rendered":"https:\/\/questtono.uniusdesenvolvimento.com.br\/approach\/"},"modified":"2022-06-03T11:05:36","modified_gmt":"2022-06-03T14:05:36","slug":"design-approach","status":"publish","type":"page","link":"https:\/\/questtono.com.br\/en\/design-approach\/","title":{"rendered":"Approach"},"content":{"rendered":"","protected":false},"excerpt":{"rendered":"","protected":false},"author":4,"featured_media":5563,"parent":0,"menu_order":0,"comment_status":"closed","ping_status":"closed","template":"","meta":{"_acf_changed":false,"content-type":"","om_disable_all_campaigns":false,"footnotes":""},"class_list":["post-3811","page","type-page","status-publish","has-post-thumbnail","hentry"],"acf":[],"yoast_head":"<!-- This site is optimized with the Yoast SEO plugin v26.4 - https:\/\/yoast.com\/wordpress\/plugins\/seo\/ -->\n<title>Questtono&#039;s Design Approach | The 5-Step Impactful Solution<\/title>\n<meta name=\"description\" content=\"Discover our Design Approach harnessed over 25+ years of successful business experience + 140 design awards in both US &amp; Brazil markets.\" \/>\n<meta name=\"robots\" content=\"index, follow, max-snippet:-1, max-image-preview:large, max-video-preview:-1\" \/>\n<link rel=\"canonical\" href=\"https:\/\/questtono.com.br\/en\/design-approach\/\" \/>\n<meta property=\"og:locale\" content=\"en_US\" \/>\n<meta property=\"og:type\" content=\"article\" \/>\n<meta property=\"og:title\" content=\"Questtono&#039;s Design Approach | The 5-Step Impactful Solution\" \/>\n<meta property=\"og:description\" content=\"Discover our Design Approach harnessed over 25+ years of successful business experience + 140 design awards in both US &amp; Brazil markets.\" \/>\n<meta property=\"og:url\" content=\"https:\/\/questtono.com.br\/en\/design-approach\/\" \/>\n<meta property=\"og:site_name\" content=\"Questton\u00f3\" \/>\n<meta property=\"article:modified_time\" content=\"2022-06-03T14:05:36+00:00\" \/>\n<meta property=\"og:image\" content=\"https:\/\/questtono.com\/wp-content\/uploads\/2020\/09\/Approach_PB_Head.jpg\" \/>\n\t<meta property=\"og:image:width\" content=\"1920\" \/>\n\t<meta property=\"og:image:height\" content=\"1080\" \/>\n\t<meta property=\"og:image:type\" content=\"image\/jpeg\" \/>\n<meta name=\"twitter:card\" content=\"summary_large_image\" \/>\n<script type=\"application\/ld+json\" class=\"yoast-schema-graph\">{\"@context\":\"https:\/\/schema.org\",\"@graph\":[{\"@type\":\"WebPage\",\"@id\":\"https:\/\/questtono.com.br\/en\/design-approach\/\",\"url\":\"https:\/\/questtono.com.br\/en\/design-approach\/\",\"name\":\"Questtono's Design Approach | The 5-Step Impactful Solution\",\"isPartOf\":{\"@id\":\"http:\/\/questtono.com\/#website\"},\"primaryImageOfPage\":{\"@id\":\"https:\/\/questtono.com.br\/en\/design-approach\/#primaryimage\"},\"image\":{\"@id\":\"https:\/\/questtono.com.br\/en\/design-approach\/#primaryimage\"},\"thumbnailUrl\":\"https:\/\/questtono.com.br\/wp-content\/uploads\/2020\/09\/Approach_PB_Head.jpg\",\"datePublished\":\"2017-09-13T15:35:40+00:00\",\"dateModified\":\"2022-06-03T14:05:36+00:00\",\"description\":\"Discover our Design Approach harnessed over 25+ years of successful business experience + 140 design awards in both US & Brazil markets.\",\"breadcrumb\":{\"@id\":\"https:\/\/questtono.com.br\/en\/design-approach\/#breadcrumb\"},\"inLanguage\":\"en-US\",\"potentialAction\":[{\"@type\":\"ReadAction\",\"target\":[\"https:\/\/questtono.com.br\/en\/design-approach\/\"]}]},{\"@type\":\"ImageObject\",\"inLanguage\":\"en-US\",\"@id\":\"https:\/\/questtono.com.br\/en\/design-approach\/#primaryimage\",\"url\":\"https:\/\/questtono.com.br\/wp-content\/uploads\/2020\/09\/Approach_PB_Head.jpg\",\"contentUrl\":\"https:\/\/questtono.com.br\/wp-content\/uploads\/2020\/09\/Approach_PB_Head.jpg\",\"width\":1920,\"height\":1080,\"caption\":\"questtono-estrategia-inovacao\"},{\"@type\":\"BreadcrumbList\",\"@id\":\"https:\/\/questtono.com.br\/en\/design-approach\/#breadcrumb\",\"itemListElement\":[{\"@type\":\"ListItem\",\"position\":1,\"name\":\"Home\",\"item\":\"http:\/\/www.questtono.com.br\/en\/\"},{\"@type\":\"ListItem\",\"position\":2,\"name\":\"Approach\"}]},{\"@type\":\"WebSite\",\"@id\":\"http:\/\/questtono.com\/#website\",\"url\":\"http:\/\/questtono.com\/\",\"name\":\"Questton\u00f3\",\"description\":\"Consultoria de inova\u00e7\u00e3o e design\",\"potentialAction\":[{\"@type\":\"SearchAction\",\"target\":{\"@type\":\"EntryPoint\",\"urlTemplate\":\"http:\/\/questtono.com\/?s={search_term_string}\"},\"query-input\":{\"@type\":\"PropertyValueSpecification\",\"valueRequired\":true,\"valueName\":\"search_term_string\"}}],\"inLanguage\":\"en-US\"}]}<\/script>\n<!-- \/ Yoast SEO plugin. -->","yoast_head_json":{"title":"Questtono's Design Approach | The 5-Step Impactful Solution","description":"Discover our Design Approach harnessed over 25+ years of successful business experience + 140 design awards in both US & Brazil markets.","robots":{"index":"index","follow":"follow","max-snippet":"max-snippet:-1","max-image-preview":"max-image-preview:large","max-video-preview":"max-video-preview:-1"},"canonical":"https:\/\/questtono.com.br\/en\/design-approach\/","og_locale":"en_US","og_type":"article","og_title":"Questtono's Design Approach | The 5-Step Impactful Solution","og_description":"Discover our Design Approach harnessed over 25+ years of successful business experience + 140 design awards in both US & Brazil markets.","og_url":"https:\/\/questtono.com.br\/en\/design-approach\/","og_site_name":"Questton\u00f3","article_modified_time":"2022-06-03T14:05:36+00:00","og_image":[{"width":1920,"height":1080,"url":"https:\/\/questtono.com\/wp-content\/uploads\/2020\/09\/Approach_PB_Head.jpg","type":"image\/jpeg"}],"twitter_card":"summary_large_image","schema":{"@context":"https:\/\/schema.org","@graph":[{"@type":"WebPage","@id":"https:\/\/questtono.com.br\/en\/design-approach\/","url":"https:\/\/questtono.com.br\/en\/design-approach\/","name":"Questtono's Design Approach | The 5-Step Impactful Solution","isPartOf":{"@id":"http:\/\/questtono.com\/#website"},"primaryImageOfPage":{"@id":"https:\/\/questtono.com.br\/en\/design-approach\/#primaryimage"},"image":{"@id":"https:\/\/questtono.com.br\/en\/design-approach\/#primaryimage"},"thumbnailUrl":"https:\/\/questtono.com.br\/wp-content\/uploads\/2020\/09\/Approach_PB_Head.jpg","datePublished":"2017-09-13T15:35:40+00:00","dateModified":"2022-06-03T14:05:36+00:00","description":"Discover our Design Approach harnessed over 25+ years of successful business experience + 140 design awards in both US & Brazil markets.","breadcrumb":{"@id":"https:\/\/questtono.com.br\/en\/design-approach\/#breadcrumb"},"inLanguage":"en-US","potentialAction":[{"@type":"ReadAction","target":["https:\/\/questtono.com.br\/en\/design-approach\/"]}]},{"@type":"ImageObject","inLanguage":"en-US","@id":"https:\/\/questtono.com.br\/en\/design-approach\/#primaryimage","url":"https:\/\/questtono.com.br\/wp-content\/uploads\/2020\/09\/Approach_PB_Head.jpg","contentUrl":"https:\/\/questtono.com.br\/wp-content\/uploads\/2020\/09\/Approach_PB_Head.jpg","width":1920,"height":1080,"caption":"questtono-estrategia-inovacao"},{"@type":"BreadcrumbList","@id":"https:\/\/questtono.com.br\/en\/design-approach\/#breadcrumb","itemListElement":[{"@type":"ListItem","position":1,"name":"Home","item":"http:\/\/www.questtono.com.br\/en\/"},{"@type":"ListItem","position":2,"name":"Approach"}]},{"@type":"WebSite","@id":"http:\/\/questtono.com\/#website","url":"http:\/\/questtono.com\/","name":"Questton\u00f3","description":"Consultoria de inova\u00e7\u00e3o e design","potentialAction":[{"@type":"SearchAction","target":{"@type":"EntryPoint","urlTemplate":"http:\/\/questtono.com\/?s={search_term_string}"},"query-input":{"@type":"PropertyValueSpecification","valueRequired":true,"valueName":"search_term_string"}}],"inLanguage":"en-US"}]}},"_links":{"self":[{"href":"https:\/\/questtono.com.br\/en\/wp-json\/wp\/v2\/pages\/3811","targetHints":{"allow":["GET"]}}],"collection":[{"href":"https:\/\/questtono.com.br\/en\/wp-json\/wp\/v2\/pages"}],"about":[{"href":"https:\/\/questtono.com.br\/en\/wp-json\/wp\/v2\/types\/page"}],"author":[{"embeddable":true,"href":"https:\/\/questtono.com.br\/en\/wp-json\/wp\/v2\/users\/4"}],"replies":[{"embeddable":true,"href":"https:\/\/questtono.com.br\/en\/wp-json\/wp\/v2\/comments?post=3811"}],"version-history":[{"count":9,"href":"https:\/\/questtono.com.br\/en\/wp-json\/wp\/v2\/pages\/3811\/revisions"}],"predecessor-version":[{"id":8697,"href":"https:\/\/questtono.com.br\/en\/wp-json\/wp\/v2\/pages\/3811\/revisions\/8697"}],"wp:featuredmedia":[{"embeddable":true,"href":"https:\/\/questtono.com.br\/en\/wp-json\/wp\/v2\/media\/5563"}],"wp:attachment":[{"href":"https:\/\/questtono.com.br\/en\/wp-json\/wp\/v2\/media?parent=3811"}],"curies":[{"name":"wp","href":"https:\/\/api.w.org\/{rel}","templated":true}]}}