{"id":2638,"date":"2017-09-13T12:35:10","date_gmt":"2017-09-13T15:35:10","guid":{"rendered":"http:\/\/localhost\/home\/"},"modified":"2022-09-20T10:32:42","modified_gmt":"2022-09-20T13:32:42","slug":"home","status":"publish","type":"page","link":"https:\/\/questtono.com.br\/en\/","title":{"rendered":"Home"},"content":{"rendered":"","protected":false},"excerpt":{"rendered":"","protected":false},"author":4,"featured_media":0,"parent":0,"menu_order":0,"comment_status":"closed","ping_status":"closed","template":"","meta":{"_acf_changed":false,"content-type":"","om_disable_all_campaigns":false,"footnotes":""},"class_list":["post-2638","page","type-page","status-publish","hentry"],"acf":[],"yoast_head":"<!-- This site is optimized with the Yoast SEO plugin v26.4 - https:\/\/yoast.com\/wordpress\/plugins\/seo\/ -->\n<title>Questton\u00f3 | Innovation and Design Consultancy<\/title>\n<meta name=\"description\" content=\"Questton\u00f3 is a top innovation and design consultancy in NYC. We use culture, brand strategy and technology to uncover and implement outstanding experiences.\" \/>\n<meta name=\"robots\" content=\"index, follow, max-snippet:-1, max-image-preview:large, max-video-preview:-1\" \/>\n<link rel=\"canonical\" href=\"https:\/\/questtono.com.br\/en\/\" \/>\n<meta property=\"og:locale\" content=\"en_US\" \/>\n<meta property=\"og:type\" content=\"article\" \/>\n<meta property=\"og:title\" content=\"Questton\u00f3 | Innovation and Design Consultancy\" \/>\n<meta property=\"og:description\" content=\"Questton\u00f3 is a top innovation and design consultancy in NYC. We use culture, brand strategy and technology to uncover and implement outstanding experiences.\" \/>\n<meta property=\"og:url\" content=\"https:\/\/questtono.com.br\/en\/\" \/>\n<meta property=\"og:site_name\" content=\"Questton\u00f3\" \/>\n<meta property=\"article:modified_time\" content=\"2022-09-20T13:32:42+00:00\" \/>\n<meta property=\"og:image\" content=\"https:\/\/questtono.com.br\/wp-content\/uploads\/2021\/01\/share-1.png\" \/>\n\t<meta property=\"og:image:width\" content=\"1200\" \/>\n\t<meta property=\"og:image:height\" content=\"628\" \/>\n\t<meta property=\"og:image:type\" content=\"image\/png\" \/>\n<meta name=\"twitter:card\" content=\"summary_large_image\" \/>\n<script type=\"application\/ld+json\" class=\"yoast-schema-graph\">{\"@context\":\"https:\/\/schema.org\",\"@graph\":[{\"@type\":\"WebPage\",\"@id\":\"https:\/\/questtono.com.br\/en\/\",\"url\":\"https:\/\/questtono.com.br\/en\/\",\"name\":\"Questton\u00f3 | Innovation and Design Consultancy\",\"isPartOf\":{\"@id\":\"http:\/\/questtono.com\/#website\"},\"datePublished\":\"2017-09-13T15:35:10+00:00\",\"dateModified\":\"2022-09-20T13:32:42+00:00\",\"description\":\"Questton\u00f3 is a top innovation and design consultancy in NYC. We use culture, brand strategy and technology to uncover and implement outstanding experiences.\",\"breadcrumb\":{\"@id\":\"https:\/\/questtono.com.br\/en\/#breadcrumb\"},\"inLanguage\":\"en-US\",\"potentialAction\":[{\"@type\":\"ReadAction\",\"target\":[\"https:\/\/questtono.com.br\/en\/\"]}]},{\"@type\":\"BreadcrumbList\",\"@id\":\"https:\/\/questtono.com.br\/en\/#breadcrumb\",\"itemListElement\":[{\"@type\":\"ListItem\",\"position\":1,\"name\":\"Home\",\"item\":\"http:\/\/www.questtono.com.br\/en\/\"},{\"@type\":\"ListItem\",\"position\":2,\"name\":\"Home\"}]},{\"@type\":\"WebSite\",\"@id\":\"http:\/\/questtono.com\/#website\",\"url\":\"http:\/\/questtono.com\/\",\"name\":\"Questton\u00f3\",\"description\":\"Consultoria de inova\u00e7\u00e3o e design\",\"potentialAction\":[{\"@type\":\"SearchAction\",\"target\":{\"@type\":\"EntryPoint\",\"urlTemplate\":\"http:\/\/questtono.com\/?s={search_term_string}\"},\"query-input\":{\"@type\":\"PropertyValueSpecification\",\"valueRequired\":true,\"valueName\":\"search_term_string\"}}],\"inLanguage\":\"en-US\"}]}<\/script>\n<!-- \/ Yoast SEO plugin. -->","yoast_head_json":{"title":"Questton\u00f3 | Innovation and Design Consultancy","description":"Questton\u00f3 is a top innovation and design consultancy in NYC. We use culture, brand strategy and technology to uncover and implement outstanding experiences.","robots":{"index":"index","follow":"follow","max-snippet":"max-snippet:-1","max-image-preview":"max-image-preview:large","max-video-preview":"max-video-preview:-1"},"canonical":"https:\/\/questtono.com.br\/en\/","og_locale":"en_US","og_type":"article","og_title":"Questton\u00f3 | Innovation and Design Consultancy","og_description":"Questton\u00f3 is a top innovation and design consultancy in NYC. We use culture, brand strategy and technology to uncover and implement outstanding experiences.","og_url":"https:\/\/questtono.com.br\/en\/","og_site_name":"Questton\u00f3","article_modified_time":"2022-09-20T13:32:42+00:00","og_image":[{"width":1200,"height":628,"url":"https:\/\/questtono.com.br\/wp-content\/uploads\/2021\/01\/share-1.png","type":"image\/png"}],"twitter_card":"summary_large_image","schema":{"@context":"https:\/\/schema.org","@graph":[{"@type":"WebPage","@id":"https:\/\/questtono.com.br\/en\/","url":"https:\/\/questtono.com.br\/en\/","name":"Questton\u00f3 | Innovation and Design Consultancy","isPartOf":{"@id":"http:\/\/questtono.com\/#website"},"datePublished":"2017-09-13T15:35:10+00:00","dateModified":"2022-09-20T13:32:42+00:00","description":"Questton\u00f3 is a top innovation and design consultancy in NYC. We use culture, brand strategy and technology to uncover and implement outstanding experiences.","breadcrumb":{"@id":"https:\/\/questtono.com.br\/en\/#breadcrumb"},"inLanguage":"en-US","potentialAction":[{"@type":"ReadAction","target":["https:\/\/questtono.com.br\/en\/"]}]},{"@type":"BreadcrumbList","@id":"https:\/\/questtono.com.br\/en\/#breadcrumb","itemListElement":[{"@type":"ListItem","position":1,"name":"Home","item":"http:\/\/www.questtono.com.br\/en\/"},{"@type":"ListItem","position":2,"name":"Home"}]},{"@type":"WebSite","@id":"http:\/\/questtono.com\/#website","url":"http:\/\/questtono.com\/","name":"Questton\u00f3","description":"Consultoria de inova\u00e7\u00e3o e design","potentialAction":[{"@type":"SearchAction","target":{"@type":"EntryPoint","urlTemplate":"http:\/\/questtono.com\/?s={search_term_string}"},"query-input":{"@type":"PropertyValueSpecification","valueRequired":true,"valueName":"search_term_string"}}],"inLanguage":"en-US"}]}},"_links":{"self":[{"href":"https:\/\/questtono.com.br\/en\/wp-json\/wp\/v2\/pages\/2638","targetHints":{"allow":["GET"]}}],"collection":[{"href":"https:\/\/questtono.com.br\/en\/wp-json\/wp\/v2\/pages"}],"about":[{"href":"https:\/\/questtono.com.br\/en\/wp-json\/wp\/v2\/types\/page"}],"author":[{"embeddable":true,"href":"https:\/\/questtono.com.br\/en\/wp-json\/wp\/v2\/users\/4"}],"replies":[{"embeddable":true,"href":"https:\/\/questtono.com.br\/en\/wp-json\/wp\/v2\/comments?post=2638"}],"version-history":[{"count":31,"href":"https:\/\/questtono.com.br\/en\/wp-json\/wp\/v2\/pages\/2638\/revisions"}],"predecessor-version":[{"id":9016,"href":"https:\/\/questtono.com.br\/en\/wp-json\/wp\/v2\/pages\/2638\/revisions\/9016"}],"wp:attachment":[{"href":"https:\/\/questtono.com.br\/en\/wp-json\/wp\/v2\/media?parent=2638"}],"curies":[{"name":"wp","href":"https:\/\/api.w.org\/{rel}","templated":true}]}}